{"id":430,"date":"2015-04-29T15:29:43","date_gmt":"2015-04-29T13:29:43","guid":{"rendered":"http:\/\/allstyle-tattoo.de\/?page_id=430"},"modified":"2015-05-13T16:17:41","modified_gmt":"2015-05-13T14:17:41","slug":"impressum","status":"publish","type":"page","link":"https:\/\/www.allstyle-tattoo.de\/en\/impressum\/","title":{"rendered":"Impressum"},"content":{"rendered":"<div class=\"wpb-content-wrapper\">[vc_row][vc_column width=&#8221;2\/3&#8243;][vc_column_text]ALL STYLE TATTOO<br \/>\nSimplonstra\u00dfe 59<br \/>\n10245 Berlin Friedrichshain<br \/>\nTelefon : 030\/2941899<\/p>\n<p>E-Mail: <a href=\"mailto:info@allstyle-tattoo.de\">info@allstyle-tattoo.de<\/a><br \/>\nInternet: <a href=\"https:\/\/www.allstyle-tattoo.de\/\" target=\"_blank\">www.allstyle-tattoo.de<\/a><\/p>\n<p>UstID: DE135773006<br \/>\nFinanzamt Berlin Treptow\/K\u00f6penick<\/p>\n<h4>Impressum:<\/h4>\n<p>Inhaltlich Verantwortliche gem\u00e4\u00df \u00a7 10 Absatz 3 MDStV: Nicola Schr\u00f6der<\/p>\n<p>Alle Teammitglieder unseres Studios sind freischaffend\/selbst\u00e4ndig t\u00e4tig.<br \/>\nJedes Projekt ist mit dem jeweiligen K\u00fcnstler direkt zu besprechen und zu entlohnen.<br \/>\nJeder K\u00fcnstler ist f\u00fcr seine Leistung eigenverantwortlich.<\/p>\n<p>Haftungsausschluss<\/p>\n<p>1. Inhalt des Onlineangebotes<br \/>\nDie Autoren \u00fcbernehen keinerlei Gew\u00e4hr f\u00fcr die Aktualit\u00e4t, Korrektheit, Vollst\u00e4ndigkeit oder Qualit\u00e4t der bereitgestellten Informationen. Haftungsanspr\u00fcche gegen die Autoren, welche sich auf Sch\u00e4den materieller oder ideeller Art beziehen, die durch die Nutzung oder Nichtnutzung der dargebotenen Informationen bzw. durch die Nutzung fehlerhafter und unvollst\u00e4ndiger Informationen verursacht wurden, sind grunds\u00e4tzlich ausgeschlossen, sofern seitens der Autoren kein nachweislich vors\u00e4tzliches oder grob fahrl\u00e4ssiges Verschulden vorliegt. Alle Angebote sind freibleibend und unverbindlich. Die Autoren behalten es sich ausdr\u00fccklich vor, Teile der Seiten oder das gesamte Angebot ohne gesonderte Ank\u00fcndigung zu ver\u00e4ndern, zu erg\u00e4nzen, zu l\u00f6schen oder die Ver\u00f6ffentlichung zeitweise oder endg\u00fcltig einzustellen.<\/p>\n<p>2. Verweise und Links<br \/>\nBei direkten oder indirekten Verweisen auf fremde Internetseiten (\u201cLinks\u201d), die ausserhalb des Verantwortungsbereiches der Autoren liegen, w\u00fcrde eine Haftungsverpflichtung ausschlie\u00dflich in dem Fall in Kraft treten, in dem die Auroren von den Inhalten Kenntnis haben und es ihnen technisch m\u00f6glich und zumutbar w\u00e4re, die Nutzung im Falle rechtswidriger Inhalte zu verhindern. Die Autoren erkl\u00e4ren hiermit ausdr\u00fccklich, dass zum Zeitpunkt der Linksetzung keine illegalen Inhalte auf den zu verlinkenden Seiten erkennbar waren. Auf die aktuelle und zuk\u00fcnftige Gestaltung, die Inhalte oder die Urheberschaft der gelinkten\/verkn\u00fcpften Seiten haben die Autoren keinerlei Einfluss. Deshalb distanzieren sie sich hiermit ausdr\u00fccklich von allen Inhalten aller gelinkten \/verkn\u00fcpften Seiten, die nach der Linksetzung ver\u00e4ndert wurden. Diese Feststellung gilt f\u00fcr alle innerhalb des eigenen Internetangebotes gesetzten Links und Verweise sowie f\u00fcr Fremdeintr\u00e4ge in von den Autoren eingerichteten G\u00e4steb\u00fcchern, Diskussionsforen und Mailinglisten. F\u00fcr illegale, fehlerhafte oder unvollst\u00e4ndige Inhalte und insbesondere f\u00fcr Sch\u00e4den, die aus der Nutzung oder Nichtnutzung solcherart dargebotener Informationen entstehen, haftet allein der Anbieter der Seite, auf welche verwiesen wurde, nicht derjenige, der \u00fcber Links auf die jeweilige Ver\u00f6ffentlichung lediglich verweist.<\/p>\n<p>3. Urheber- und Kennzeichenrecht<br \/>\nDie Autoren sind bestrebt, in allen Publikationen die Urheberrechte der verwendeten Grafiken, Tondokumente, Videosequenzen und Texte zu beachten, von ihnen selbst erstellte Grafiken, Tondokumente, Videosequenzen und Texte zu nutzen oder auf lizenzfreie Grafiken, Tondokumente, Videosequenzen und Texte zur\u00fcckzugreifen. Die Autoren dieser Seite erkl\u00e4ren sich dazu bereit, verwendete Grafiken die nicht ihrem Urheberrecht unterliegen, nach kurzer Mitteilung unverz\u00fcglich zu entfernen.<br \/>\nAlle innerhalb des Internetangebotes genannten und ggf. durch Dritte gesch\u00fctzten Marken- und Warenzeichen unterliegen uneingeschr\u00e4nkt den Bestimmungen des jeweils g\u00fcltigen Kennzeichenrechts und den Besitzrechten der jeweiligen eingetragenen Eigent\u00fcmer. Allein aufgrund der blo\u00dfen Nennung ist nicht der Schluss zu ziehen, dass Markenzeichen nicht durch Rechte Dritter gesch\u00fctzt sind!<br \/>\nDas Copyright f\u00fcr ver\u00f6ffentlichte, von den Autoren selbst erstellten Objekte bleibt allein bei den Autoren der Seiten. Eine Vervielf\u00e4ltigung oder Verwendung solcher Grafiken, Tondokumente, Videosequenzen und Texte in anderen elektronischen oder gedruckten Publikationen ist ohne ausdr\u00fcckliche Zustimmung der Autorin nicht gestattet.<\/p>\n<p>4. Datenschutz<br \/>\nSofern innerhalb des Internetangebotes die M\u00f6glichkeit zur Eingabe pers\u00f6nlicher oder gesch\u00e4ftlicher Daten (Emailadressen, Namen, Anschriften) besteht, so erfolgt die Preisgabe dieser Daten seitens des Nutzers auf ausdr\u00fccklich freiwilliger Basis. Die Inanspruchnahme und Bezahlung aller angebotenen Dienste ist \u2013 soweit technisch m\u00f6glich und zumutbar \u2013 auch ohne Angabe solcher Daten bzw. unter Angabe anonymisierter Daten oder eines Pseudonyms gestattet.<\/p>\n<p>5. Rechtswirksamkeit dieses Haftungsausschlusses<br \/>\nDieser Haftungsausschluss ist als Teil des Internetangebotes zu betrachten, von dem aus auf diese Seite verwiesen wurde. Sofern Teile oder einzelne Formulierungen dieses Textes der geltenden Rechtslage nicht, nicht mehr oder nicht vollst\u00e4ndig entsprechen sollten, bleiben die \u00fcbrigen Teile des Dokumentes in ihrem Inhalt und ihrer G\u00fcltigkeit davon unber\u00fchrt.<\/p>\n<p>Alle Rechte vorbehalten.[\/vc_column_text][\/vc_column][vc_column width=&#8221;1\/3&#8243;][vc_single_image image=&#8221;50&#8243; border_color=&#8221;grey&#8221; img_link_large=&#8221;&#8221; img_link_target=&#8221;_self&#8221; img_size=&#8221;full&#8221;][vc_single_image image=&#8221;51&#8243; border_color=&#8221;grey&#8221; img_link_large=&#8221;&#8221; img_link_target=&#8221;_self&#8221; img_size=&#8221;full&#8221;][vc_single_image image=&#8221;52&#8243; border_color=&#8221;grey&#8221; img_link_large=&#8221;&#8221; img_link_target=&#8221;_self&#8221; img_size=&#8221;full&#8221;][vc_single_image image=&#8221;53&#8243; border_color=&#8221;grey&#8221; img_link_large=&#8221;&#8221; img_link_target=&#8221;_self&#8221; img_size=&#8221;full&#8221;][\/vc_column][\/vc_row]\n<\/div>","protected":false},"excerpt":{"rendered":"<p>[vc_row][vc_column width=&#8221;2\/3&#8243;][vc_column_text]ALL STYLE TATTOO Simplonstra\u00dfe 59 10245 Berlin Friedrichshain Telefon : 030\/2941899 E-Mail: info@allstyle-tattoo.de Internet: www.allstyle-tattoo.de UstID: DE135773006 Finanzamt Berlin Treptow\/K\u00f6penick Impressum: Inhaltlich Verantwortliche gem\u00e4\u00df \u00a7 10 Absatz 3 MDStV: Nicola Schr\u00f6der Alle Teammitglieder unseres Studios sind freischaffend\/selbst\u00e4ndig t\u00e4tig. Jedes Projekt ist mit dem jeweiligen K\u00fcnstler direkt zu besprechen und zu entlohnen. Jeder K\u00fcnstler ist f\u00fcr seine Leistung eigenverantwortlich. Haftungsausschluss 1. Inhalt des Onlineangebotes Die Autoren \u00fcbernehen keinerlei Gew\u00e4hr f\u00fcr die Aktualit\u00e4t, Korrektheit, Vollst\u00e4ndigkeit oder Qualit\u00e4t der bereitgestellten Informationen. Haftungsanspr\u00fcche gegen die Autoren, welche sich auf Sch\u00e4den materieller oder ideeller Art beziehen, die durch die Nutzung oder Nichtnutzung der dargebotenen Informationen bzw. durch die Nutzung fehlerhafter und unvollst\u00e4ndiger Informationen verursacht wurden, sind grunds\u00e4tzlich ausgeschlossen, sofern seitens der Autoren kein nachweislich vors\u00e4tzliches oder grob fahrl\u00e4ssiges Verschulden vorliegt. Alle Angebote sind freibleibend und unverbindlich. Die Autoren behalten es sich ausdr\u00fccklich vor, Teile der Seiten oder das gesamte Angebot ohne gesonderte Ank\u00fcndigung zu ver\u00e4ndern, zu erg\u00e4nzen, zu l\u00f6schen oder die Ver\u00f6ffentlichung zeitweise oder endg\u00fcltig einzustellen. 2. Verweise und Links Bei direkten oder indirekten Verweisen auf fremde Internetseiten (\u201cLinks\u201d), die ausserhalb des Verantwortungsbereiches der Autoren liegen, w\u00fcrde eine Haftungsverpflichtung ausschlie\u00dflich in dem Fall in Kraft treten, in dem die Auroren von den Inhalten Kenntnis haben und es ihnen technisch m\u00f6glich und zumutbar w\u00e4re, die Nutzung im Falle rechtswidriger Inhalte zu verhindern. Die Autoren erkl\u00e4ren hiermit ausdr\u00fccklich, dass zum Zeitpunkt der Linksetzung keine illegalen Inhalte auf den zu verlinkenden Seiten erkennbar waren. Auf die aktuelle und zuk\u00fcnftige Gestaltung, die Inhalte oder die Urheberschaft der gelinkten\/verkn\u00fcpften Seiten haben die Autoren keinerlei Einfluss. Deshalb distanzieren sie sich hiermit ausdr\u00fccklich von allen Inhalten aller gelinkten \/verkn\u00fcpften Seiten, die nach der Linksetzung ver\u00e4ndert wurden. Diese Feststellung gilt f\u00fcr alle innerhalb des eigenen Internetangebotes gesetzten Links und Verweise sowie f\u00fcr Fremdeintr\u00e4ge in von den Autoren eingerichteten G\u00e4steb\u00fcchern, Diskussionsforen und Mailinglisten. F\u00fcr illegale, fehlerhafte oder unvollst\u00e4ndige Inhalte und insbesondere f\u00fcr Sch\u00e4den, die aus der Nutzung oder Nichtnutzung solcherart dargebotener Informationen entstehen, haftet allein der Anbieter der Seite, auf welche verwiesen wurde, nicht derjenige, der \u00fcber Links auf die jeweilige Ver\u00f6ffentlichung lediglich verweist. 3. Urheber- und Kennzeichenrecht Die Autoren sind bestrebt, in allen Publikationen die Urheberrechte der verwendeten Grafiken, Tondokumente, Videosequenzen und Texte zu beachten, von ihnen selbst erstellte Grafiken, Tondokumente, Videosequenzen und Texte zu nutzen oder auf lizenzfreie Grafiken, Tondokumente, Videosequenzen und Texte zur\u00fcckzugreifen. Die Autoren dieser Seite erkl\u00e4ren sich dazu bereit, verwendete Grafiken die nicht ihrem Urheberrecht unterliegen, nach kurzer Mitteilung unverz\u00fcglich zu entfernen. Alle innerhalb des Internetangebotes genannten und ggf. durch Dritte gesch\u00fctzten Marken- und Warenzeichen unterliegen uneingeschr\u00e4nkt den Bestimmungen des jeweils g\u00fcltigen Kennzeichenrechts und den Besitzrechten der jeweiligen eingetragenen Eigent\u00fcmer. Allein aufgrund der blo\u00dfen Nennung ist nicht der Schluss zu ziehen, dass Markenzeichen nicht durch Rechte Dritter gesch\u00fctzt sind! Das Copyright f\u00fcr ver\u00f6ffentlichte, von den Autoren selbst erstellten Objekte bleibt allein bei den Autoren der Seiten. Eine Vervielf\u00e4ltigung oder Verwendung solcher Grafiken, Tondokumente, Videosequenzen und Texte in anderen elektronischen oder gedruckten Publikationen ist ohne ausdr\u00fcckliche Zustimmung der Autorin nicht gestattet. 4. Datenschutz Sofern innerhalb des Internetangebotes die M\u00f6glichkeit zur Eingabe pers\u00f6nlicher oder gesch\u00e4ftlicher Daten (Emailadressen, Namen, Anschriften) besteht, so erfolgt die Preisgabe dieser Daten seitens des Nutzers auf ausdr\u00fccklich freiwilliger Basis. Die Inanspruchnahme und Bezahlung aller angebotenen Dienste ist \u2013 soweit technisch m\u00f6glich und zumutbar \u2013 auch ohne Angabe solcher Daten bzw. unter Angabe anonymisierter Daten oder eines Pseudonyms gestattet. 5. Rechtswirksamkeit dieses Haftungsausschlusses Dieser Haftungsausschluss ist als Teil des Internetangebotes zu betrachten, von dem aus auf diese Seite verwiesen wurde. Sofern Teile oder einzelne Formulierungen dieses Textes der geltenden Rechtslage nicht, nicht mehr oder nicht vollst\u00e4ndig entsprechen sollten, bleiben die \u00fcbrigen Teile des Dokumentes in ihrem Inhalt und ihrer G\u00fcltigkeit davon unber\u00fchrt. Alle Rechte vorbehalten.[\/vc_column_text][\/vc_column][vc_column width=&#8221;1\/3&#8243;][vc_single_image image=&#8221;50&#8243; border_color=&#8221;grey&#8221; img_link_large=&#8221;&#8221; img_link_target=&#8221;_self&#8221; img_size=&#8221;full&#8221;][vc_single_image image=&#8221;51&#8243; border_color=&#8221;grey&#8221; img_link_large=&#8221;&#8221; img_link_target=&#8221;_self&#8221; img_size=&#8221;full&#8221;][vc_single_image image=&#8221;52&#8243; border_color=&#8221;grey&#8221; img_link_large=&#8221;&#8221; img_link_target=&#8221;_self&#8221; img_size=&#8221;full&#8221;][vc_single_image image=&#8221;53&#8243; border_color=&#8221;grey&#8221; img_link_large=&#8221;&#8221; img_link_target=&#8221;_self&#8221; img_size=&#8221;full&#8221;][\/vc_column][\/vc_row]<\/p>\n","protected":false},"author":1,"featured_media":0,"parent":0,"menu_order":0,"comment_status":"closed","ping_status":"open","template":"","meta":{"footnotes":""},"class_list":["post-430","page","type-page","status-publish","hentry"],"_links":{"self":[{"href":"https:\/\/www.allstyle-tattoo.de\/en\/wp-json\/wp\/v2\/pages\/430","targetHints":{"allow":["GET"]}}],"collection":[{"href":"https:\/\/www.allstyle-tattoo.de\/en\/wp-json\/wp\/v2\/pages"}],"about":[{"href":"https:\/\/www.allstyle-tattoo.de\/en\/wp-json\/wp\/v2\/types\/page"}],"author":[{"embeddable":true,"href":"https:\/\/www.allstyle-tattoo.de\/en\/wp-json\/wp\/v2\/users\/1"}],"replies":[{"embeddable":true,"href":"https:\/\/www.allstyle-tattoo.de\/en\/wp-json\/wp\/v2\/comments?post=430"}],"version-history":[{"count":5,"href":"https:\/\/www.allstyle-tattoo.de\/en\/wp-json\/wp\/v2\/pages\/430\/revisions"}],"predecessor-version":[{"id":1279,"href":"https:\/\/www.allstyle-tattoo.de\/en\/wp-json\/wp\/v2\/pages\/430\/revisions\/1279"}],"wp:attachment":[{"href":"https:\/\/www.allstyle-tattoo.de\/en\/wp-json\/wp\/v2\/media?parent=430"}],"curies":[{"name":"wp","href":"https:\/\/api.w.org\/{rel}","templated":true}]}}